{"id":56,"date":"2015-12-23T15:28:13","date_gmt":"2015-12-23T15:28:13","guid":{"rendered":"http:\/\/meyers-huette.com\/?page_id=56"},"modified":"2019-06-13T06:54:45","modified_gmt":"2019-06-13T06:54:45","slug":"lage","status":"publish","type":"page","link":"https:\/\/meyers-huette.com\/?page_id=56","title":{"rendered":"Lage des Ferienhauses"},"content":{"rendered":"<h6 style=\"text-align: center;\"><span style=\"color: #8c6200;\"><a href=\"http:\/\/meyers-huette.com\/wp-content\/uploads\/2015\/12\/meyers-huette.com_nvablick.jpg\" rel=\"lightbox[56]\"><img loading=\"lazy\" decoding=\"async\" class=\"aligncenter wp-image-323 size-large\" src=\"http:\/\/meyers-huette.com\/wp-content\/uploads\/2015\/12\/meyers-huette.com_nvablick-1024x434.jpg\" alt=\"meyers-huette.com_nvablick\" width=\"1024\" height=\"434\" srcset=\"https:\/\/meyers-huette.com\/wp-content\/uploads\/2015\/12\/meyers-huette.com_nvablick-1024x434.jpg 1024w, https:\/\/meyers-huette.com\/wp-content\/uploads\/2015\/12\/meyers-huette.com_nvablick-300x127.jpg 300w, https:\/\/meyers-huette.com\/wp-content\/uploads\/2015\/12\/meyers-huette.com_nvablick-830x351.jpg 830w, https:\/\/meyers-huette.com\/wp-content\/uploads\/2015\/12\/meyers-huette.com_nvablick-230x97.jpg 230w, https:\/\/meyers-huette.com\/wp-content\/uploads\/2015\/12\/meyers-huette.com_nvablick-350x148.jpg 350w, https:\/\/meyers-huette.com\/wp-content\/uploads\/2015\/12\/meyers-huette.com_nvablick.jpg 1065w\" sizes=\"auto, (max-width: 1024px) 100vw, 1024px\" \/><\/a><span style=\"color: #800000;\">Unser Ferienhaus \/ FeWo hat folgende Ferienhaus-Adresse:<\/span><br \/>\n<span style=\"color: #800000;\"> Familie Meyer, Frauenwald, S\u00fcdstra\u00dfe 17, 98694 Ilmenau<\/span><\/span><\/h6>\n<h6 style=\"text-align: center;\"><span style=\"color: #8c6200;\"><span style=\"color: #800000;\">\u00a0GPS :\u00a0\u00a0 50\u00b034&#8217;51.5&#8243;N\u00a0 10\u00b051&#8217;34.3&#8243;E<\/span><\/span><\/h6>\n<h6 style=\"text-align: center;\">Our holiday home has the following address:<\/h6>\n<h6 style=\"text-align: center;\"><span style=\"color: #8c6200;\"><span style=\"color: #800000;\">Familie Meyer, Frauenwald, S\u00fcdstra\u00dfe 17, 98694 Ilmenau<\/span><\/span><\/h6>\n<h6 style=\"text-align: center;\">GPS:\u00a0 50\u00b034\u201951.5\u2033N 10\u00b051\u201934.3\u2033E<\/h6>\n<p style=\"text-align: center;\"><iframe loading=\"lazy\" style=\"border: 0;\" src=\"https:\/\/www.google.com\/maps\/embed?pb=!1m18!1m12!1m3!1d2533.5376954318317!2d10.858218234070952!3d50.579958612069454!2m3!1f0!2f0!3f0!3m2!1i1024!2i768!4f13.1!3m3!1m2!1s0x47a394852a6616d9%3A0x56de75a0ab4a3be6!2sFerienwohnung+meyers-huette.com!5e0!3m2!1sde!2sde!4v1479546876534\" width=\"400\" height=\"300\" frameborder=\"0\" allowfullscreen=\"allowfullscreen\"><\/iframe><\/p>\n<h5 style=\"text-align: center;\"><strong><span style=\"color: #800000;\">Check-in: 13:00 &#8211; 20:00 Uhr<\/span> \/\u00a0<\/strong><span lang=\"en\">Check-in: 1 PM &#8211; 8 PM<\/span><\/h5>\n<h5 style=\"text-align: center;\"><span style=\"color: #800000;\">Check-out : 11:00 Uhr<\/span> \/\u00a0<span lang=\"en\">Check-out: 11:00\u00a0AM<\/span><\/h5>\n<h6 style=\"text-align: center;\"><span style=\"color: #ff0000;\"><strong>Achtung Winterurlauber!<\/strong><\/span> \/ <span style=\"color: #ff0000;\">Attention winter visitors!<\/span><\/h6>\n<h6 style=\"text-align: center;\"><span style=\"color: #800000;\"><strong>Die Stra\u00dfe zwischen 98667 Steinbach und\u00a0 Frauenwald ist im Winter gesperrt und wird nicht ger\u00e4umt.<\/strong><\/span><\/h6>\n<h6 style=\"text-align: center;\"><span style=\"color: #000000;\">The road between 98667 Steinbach and\u00a0 Frauenwald is closed in winter and is not grant<\/span><\/h6>\n<p style=\"text-align: center;\"><a href=\"http:\/\/meyers-huette.com\/wp-content\/uploads\/2018\/01\/meyers-huette.com_kirch-1.jpg\" rel=\"lightbox[56]\"><img loading=\"lazy\" decoding=\"async\" class=\"aligncenter wp-image-917\" src=\"http:\/\/meyers-huette.com\/wp-content\/uploads\/2018\/01\/meyers-huette.com_kirch-1.jpg\" alt=\"\" width=\"600\" height=\"793\" srcset=\"https:\/\/meyers-huette.com\/wp-content\/uploads\/2018\/01\/meyers-huette.com_kirch-1.jpg 736w, https:\/\/meyers-huette.com\/wp-content\/uploads\/2018\/01\/meyers-huette.com_kirch-1-113x150.jpg 113w, https:\/\/meyers-huette.com\/wp-content\/uploads\/2018\/01\/meyers-huette.com_kirch-1-227x300.jpg 227w, https:\/\/meyers-huette.com\/wp-content\/uploads\/2018\/01\/meyers-huette.com_kirch-1-230x304.jpg 230w, https:\/\/meyers-huette.com\/wp-content\/uploads\/2018\/01\/meyers-huette.com_kirch-1-350x463.jpg 350w\" sizes=\"auto, (max-width: 600px) 100vw, 600px\" \/><\/a><\/p>\n<h6 style=\"text-align: center;\"><span style=\"color: #800000;\">W\u00e4rend des Aufenthaltes k\u00f6nnen sie ihren Vorlieben auf\u00a0 einem ca. 1200 m\u00b2\u00a0 Grundst\u00fcck nachgehen, welches sich unweit der Kirche befindet.<\/span><\/h6>\n<h6 style=\"text-align: center;\">During the stay at our lovely cottage in the Thuringian Forest, you could enjoy your vacations on a site which has an area of about 1200 m\u00b2 and which is located not far from the church.<\/h6>\n<p><a href=\"http:\/\/meyers-huette.com\/wp-content\/uploads\/2018\/09\/meyers-huette-abendsonne.jpg\" rel=\"lightbox[56]\"><img loading=\"lazy\" decoding=\"async\" class=\"aligncenter wp-image-1100 size-large\" src=\"http:\/\/meyers-huette.com\/wp-content\/uploads\/2018\/09\/meyers-huette-abendsonne-1024x586.jpg\" alt=\"meyers-huette_abendsonne\" width=\"1024\" height=\"586\" srcset=\"https:\/\/meyers-huette.com\/wp-content\/uploads\/2018\/09\/meyers-huette-abendsonne-1024x586.jpg 1024w, https:\/\/meyers-huette.com\/wp-content\/uploads\/2018\/09\/meyers-huette-abendsonne-150x86.jpg 150w, https:\/\/meyers-huette.com\/wp-content\/uploads\/2018\/09\/meyers-huette-abendsonne-300x172.jpg 300w, https:\/\/meyers-huette.com\/wp-content\/uploads\/2018\/09\/meyers-huette-abendsonne-830x475.jpg 830w, https:\/\/meyers-huette.com\/wp-content\/uploads\/2018\/09\/meyers-huette-abendsonne-230x132.jpg 230w, https:\/\/meyers-huette.com\/wp-content\/uploads\/2018\/09\/meyers-huette-abendsonne-350x200.jpg 350w, https:\/\/meyers-huette.com\/wp-content\/uploads\/2018\/09\/meyers-huette-abendsonne.jpg 1308w\" sizes=\"auto, (max-width: 1024px) 100vw, 1024px\" \/><\/a><\/p>\n<h6 style=\"text-align: center;\"><a href=\"http:\/\/meyers-huette.com\/wp-content\/uploads\/2016\/04\/meyers-huette.com_frauw1.jpg\" rel=\"lightbox[56]\"><img loading=\"lazy\" decoding=\"async\" class=\"aligncenter wp-image-305 size-large\" src=\"http:\/\/meyers-huette.com\/wp-content\/uploads\/2016\/04\/meyers-huette.com_frauw1-1024x434.jpg\" alt=\"meyers-huette.com_frauenwald1\" width=\"1024\" height=\"434\" srcset=\"https:\/\/meyers-huette.com\/wp-content\/uploads\/2016\/04\/meyers-huette.com_frauw1-1024x434.jpg 1024w, https:\/\/meyers-huette.com\/wp-content\/uploads\/2016\/04\/meyers-huette.com_frauw1-300x127.jpg 300w, https:\/\/meyers-huette.com\/wp-content\/uploads\/2016\/04\/meyers-huette.com_frauw1-830x351.jpg 830w, https:\/\/meyers-huette.com\/wp-content\/uploads\/2016\/04\/meyers-huette.com_frauw1-230x97.jpg 230w, https:\/\/meyers-huette.com\/wp-content\/uploads\/2016\/04\/meyers-huette.com_frauw1-350x148.jpg 350w, https:\/\/meyers-huette.com\/wp-content\/uploads\/2016\/04\/meyers-huette.com_frauw1.jpg 1065w\" sizes=\"auto, (max-width: 1024px) 100vw, 1024px\" \/><\/a><span style=\"color: #800000;\">Frauenwald ist in Siedlungsform eines Stra\u00dfendorfes angelegt. Dadurch haben sie zentrale und schneefreie Wege zu Gastst\u00e4tten, Caf\u00e9s, einem\u00a0 Fleischer, Friseur, sowie einer Drogerie . . . Beim Verlassen der Hauptstra\u00dfe steht man schon am Ortsrand mit freiem Blick ins Tal. Schnell in die Ski oder Wanderschuhe geschl\u00fcpft und nur 2 Minuten sp\u00e4ter stehen sie schon in der Loipe oder am Wanderweg.<\/span><\/h6>\n<h6 style=\"text-align: center;\">The village lays along a road which is called North Street and changes at the midpoint to South Street. That\u2019s why you have central and snow-free ways to restaurants, cafes,\u00a0 butcher, hairdresser and a drugstore. When leaving the main road, you are already standing outskirts of town with a free view of the valley. Grab your skis or hiking boots and after a few minutes you will see yourself standing on the cross-country ski run or on the trail.<\/h6>\n<h6 style=\"text-align: center;\"><a href=\"http:\/\/meyers-huette.com\/wp-content\/uploads\/2018\/01\/meyers-huette_kro16ne.jpg\" rel=\"lightbox[56]\"><img loading=\"lazy\" decoding=\"async\" class=\"aligncenter wp-image-922 size-large\" src=\"http:\/\/meyers-huette.com\/wp-content\/uploads\/2018\/01\/meyers-huette_kro16ne-1024x583.jpg\" alt=\"meyers-huette Blick zum Hotel Krone\" width=\"1024\" height=\"583\" srcset=\"https:\/\/meyers-huette.com\/wp-content\/uploads\/2018\/01\/meyers-huette_kro16ne-1024x583.jpg 1024w, https:\/\/meyers-huette.com\/wp-content\/uploads\/2018\/01\/meyers-huette_kro16ne-150x85.jpg 150w, https:\/\/meyers-huette.com\/wp-content\/uploads\/2018\/01\/meyers-huette_kro16ne-300x171.jpg 300w, https:\/\/meyers-huette.com\/wp-content\/uploads\/2018\/01\/meyers-huette_kro16ne-830x473.jpg 830w, https:\/\/meyers-huette.com\/wp-content\/uploads\/2018\/01\/meyers-huette_kro16ne-230x131.jpg 230w, https:\/\/meyers-huette.com\/wp-content\/uploads\/2018\/01\/meyers-huette_kro16ne-350x199.jpg 350w, https:\/\/meyers-huette.com\/wp-content\/uploads\/2018\/01\/meyers-huette_kro16ne.jpg 1301w\" sizes=\"auto, (max-width: 1024px) 100vw, 1024px\" \/><\/a><\/h6>\n<h6 style=\"text-align: center;\"><span style=\"color: #800000;\">Sie freuen sich auf einen entspannten Urlaub in selbstbestimmter Atmosph\u00e4re, wollen sich aber zum Fr\u00fchst\u00fcck oder einer anderen Mahlzeit verw\u00f6hnen lassen? Dann stehen ihnen direkt vor der Haust\u00fcr zwei Restaurants mit Regionalen- Wildspezialit\u00e4ten u.v.m. zur Verf\u00fcgung.<\/span><\/h6>\n<h6 style=\"text-align: center;\">\u00a0 You are looking forward to a relaxed holiday in a fantastic atmosphere? But want to indulge yourself with a nice breakfast or typical Thuringian cuisine? Then you have two restaurants with regional and venison dishes just a few steps away from your front door.<\/h6>\n<h6 style=\"text-align: center;\"><a href=\"http:\/\/meyers-huette.com\/wp-content\/uploads\/2016\/04\/meyers-huette.com_krone1.jpg\" rel=\"lightbox[56]\"><img loading=\"lazy\" decoding=\"async\" class=\"aligncenter wp-image-309 size-large\" src=\"http:\/\/meyers-huette.com\/wp-content\/uploads\/2016\/04\/meyers-huette.com_krone1-1024x570.jpg\" alt=\"meyers-huette.com_krone1\" width=\"1024\" height=\"570\" srcset=\"https:\/\/meyers-huette.com\/wp-content\/uploads\/2016\/04\/meyers-huette.com_krone1-1024x570.jpg 1024w, https:\/\/meyers-huette.com\/wp-content\/uploads\/2016\/04\/meyers-huette.com_krone1-300x167.jpg 300w, https:\/\/meyers-huette.com\/wp-content\/uploads\/2016\/04\/meyers-huette.com_krone1-830x462.jpg 830w, https:\/\/meyers-huette.com\/wp-content\/uploads\/2016\/04\/meyers-huette.com_krone1-230x128.jpg 230w, https:\/\/meyers-huette.com\/wp-content\/uploads\/2016\/04\/meyers-huette.com_krone1-350x195.jpg 350w, https:\/\/meyers-huette.com\/wp-content\/uploads\/2016\/04\/meyers-huette.com_krone1.jpg 1241w\" sizes=\"auto, (max-width: 1024px) 100vw, 1024px\" \/><\/a><\/h6>\n","protected":false},"excerpt":{"rendered":"<p>Unser Ferienhaus \/ FeWo hat folgende Ferienhaus-Adresse: Familie Meyer, Frauenwald, S\u00fcdstra\u00dfe 17, 98694 Ilmenau \u00a0GPS :\u00a0\u00a0 50\u00b034&#8217;51.5&#8243;N\u00a0 10\u00b051&#8217;34.3&#8243;E Our holiday home has the following address: Familie Meyer, Frauenwald, S\u00fcdstra\u00dfe 17, 98694 Ilmenau GPS:\u00a0 50\u00b034\u201951.5\u2033N 10\u00b051\u201934.3\u2033E Check-in: 13:00 &#8211; 20:00 Uhr \/\u00a0Check-in: 1 PM &#8211; 8 PM Check-out : 11:00 Uhr \/\u00a0Check-out: 11:00\u00a0AM Achtung Winterurlauber! \/ [&hellip;]<\/p>\n","protected":false},"author":1,"featured_media":0,"parent":0,"menu_order":0,"comment_status":"closed","ping_status":"closed","template":"page-templates\/page_fullwidth.php","meta":{"footnotes":""},"class_list":["post-56","page","type-page","status-publish","hentry"],"aioseo_notices":[],"_links":{"self":[{"href":"https:\/\/meyers-huette.com\/index.php?rest_route=\/wp\/v2\/pages\/56","targetHints":{"allow":["GET"]}}],"collection":[{"href":"https:\/\/meyers-huette.com\/index.php?rest_route=\/wp\/v2\/pages"}],"about":[{"href":"https:\/\/meyers-huette.com\/index.php?rest_route=\/wp\/v2\/types\/page"}],"author":[{"embeddable":true,"href":"https:\/\/meyers-huette.com\/index.php?rest_route=\/wp\/v2\/users\/1"}],"replies":[{"embeddable":true,"href":"https:\/\/meyers-huette.com\/index.php?rest_route=%2Fwp%2Fv2%2Fcomments&post=56"}],"version-history":[{"count":95,"href":"https:\/\/meyers-huette.com\/index.php?rest_route=\/wp\/v2\/pages\/56\/revisions"}],"predecessor-version":[{"id":1175,"href":"https:\/\/meyers-huette.com\/index.php?rest_route=\/wp\/v2\/pages\/56\/revisions\/1175"}],"wp:attachment":[{"href":"https:\/\/meyers-huette.com\/index.php?rest_route=%2Fwp%2Fv2%2Fmedia&parent=56"}],"curies":[{"name":"wp","href":"https:\/\/api.w.org\/{rel}","templated":true}]}}