{"id":59,"date":"2015-12-23T15:28:59","date_gmt":"2015-12-23T15:28:59","guid":{"rendered":"http:\/\/meyers-huette.com\/?page_id=59"},"modified":"2019-06-03T20:38:45","modified_gmt":"2019-06-03T20:38:45","slug":"barrierefrei","status":"publish","type":"page","link":"https:\/\/meyers-huette.com\/?page_id=59","title":{"rendered":"Barrierefreie Ferienwohnung \/ Without barriers"},"content":{"rendered":"<p style=\"text-align: center;\">\n<p><a href=\"http:\/\/meyers-huette.com\/wp-content\/uploads\/2015\/12\/hausschwelle.jpg\" rel=\"lightbox[59]\"><img loading=\"lazy\" decoding=\"async\" class=\"aligncenter wp-image-507\" src=\"http:\/\/meyers-huette.com\/wp-content\/uploads\/2015\/12\/hausschwelle-1024x584.jpg\" alt=\"hausschwelle\" width=\"619\" height=\"353\" srcset=\"https:\/\/meyers-huette.com\/wp-content\/uploads\/2015\/12\/hausschwelle-1024x584.jpg 1024w, https:\/\/meyers-huette.com\/wp-content\/uploads\/2015\/12\/hausschwelle-150x86.jpg 150w, https:\/\/meyers-huette.com\/wp-content\/uploads\/2015\/12\/hausschwelle-300x171.jpg 300w, https:\/\/meyers-huette.com\/wp-content\/uploads\/2015\/12\/hausschwelle-830x474.jpg 830w, https:\/\/meyers-huette.com\/wp-content\/uploads\/2015\/12\/hausschwelle-230x131.jpg 230w, https:\/\/meyers-huette.com\/wp-content\/uploads\/2015\/12\/hausschwelle-350x200.jpg 350w, https:\/\/meyers-huette.com\/wp-content\/uploads\/2015\/12\/hausschwelle.jpg 1425w\" sizes=\"auto, (max-width: 619px) 100vw, 619px\" \/><\/a><\/p>\n<h6 style=\"text-align: center;\"><span style=\"color: #800000;\">Nach dem Parken auf dem Grundst\u00fcck gelangen sie \u00fcber einen Weg ohne Stufen in die Diele der Ferienwohnung.<\/span><\/h6>\n<h6 style=\"text-align: center;\">After parking on the property you will reach the apartment without any steps along the way.<\/h6>\n<h6 style=\"text-align: center;\">\u00a0<span style=\"color: #8c6200;\"><a href=\"http:\/\/meyers-huette.com\/wp-content\/uploads\/2015\/12\/terassenschwelle.jpg\" rel=\"lightbox[59]\"><img loading=\"lazy\" decoding=\"async\" class=\"aligncenter wp-image-505\" src=\"http:\/\/meyers-huette.com\/wp-content\/uploads\/2015\/12\/terassenschwelle-1024x558.jpg\" alt=\"terassenschwelle\" width=\"614\" height=\"335\" srcset=\"https:\/\/meyers-huette.com\/wp-content\/uploads\/2015\/12\/terassenschwelle-1024x558.jpg 1024w, https:\/\/meyers-huette.com\/wp-content\/uploads\/2015\/12\/terassenschwelle-150x82.jpg 150w, https:\/\/meyers-huette.com\/wp-content\/uploads\/2015\/12\/terassenschwelle-300x164.jpg 300w, https:\/\/meyers-huette.com\/wp-content\/uploads\/2015\/12\/terassenschwelle-830x453.jpg 830w, https:\/\/meyers-huette.com\/wp-content\/uploads\/2015\/12\/terassenschwelle-230x125.jpg 230w, https:\/\/meyers-huette.com\/wp-content\/uploads\/2015\/12\/terassenschwelle-350x191.jpg 350w, https:\/\/meyers-huette.com\/wp-content\/uploads\/2015\/12\/terassenschwelle.jpg 1425w\" sizes=\"auto, (max-width: 614px) 100vw, 614px\" \/><\/a><span style=\"color: #800000;\">Alle T\u00fcren besitzen eine Mindestbreite von 98 cm und keine Schwelle (ausgenommen, Terassent\u00fcr 3 cm). Die Beleuchtung von Diele, Bad sowie der Au\u00dfent\u00fcren werden mit Bewegungsmeldern geschaltet. Ansonsten befinden sich Lichtschalter in 80cm H\u00f6he. Nachtlichter sind vorhanden.<\/span><\/span><\/h6>\n<h6 style=\"text-align: center;\">All doors have at least a width of 98 cm and no threshold (excluded patio door with 3cm). The lightning of floorboard, bath as well as outside doors are switched with motion detectors. Otherwise the light switches are at 80-cm height. Night lights exist.<\/h6>\n<h6 style=\"text-align: center;\"><span style=\"color: #800000;\">Ein Rollstuhl Stellplatz, 16 A Lade-Dose f\u00fcr Elektrorollstuhl ( CEE \u2013 Schuko- 230V), ist in der Diele vorhanden.<\/span><\/h6>\n<h6 style=\"text-align: center;\">A wheel chair parking lot, 16 A loading tin for electric wheel chair (CEE- Schuko-230V), exists in the floorboard.<\/h6>\n<h6 style=\"text-align: center;\"><a href=\"http:\/\/meyers-huette.com\/wp-content\/uploads\/2015\/12\/duscheb.jpg\" rel=\"lightbox[59]\"><img loading=\"lazy\" decoding=\"async\" class=\"aligncenter wp-image-523\" src=\"http:\/\/meyers-huette.com\/wp-content\/uploads\/2015\/12\/duscheb-585x1024.jpg\" alt=\"duscheb\" width=\"442\" height=\"774\" srcset=\"https:\/\/meyers-huette.com\/wp-content\/uploads\/2015\/12\/duscheb-585x1024.jpg 585w, https:\/\/meyers-huette.com\/wp-content\/uploads\/2015\/12\/duscheb-86x150.jpg 86w, https:\/\/meyers-huette.com\/wp-content\/uploads\/2015\/12\/duscheb-171x300.jpg 171w, https:\/\/meyers-huette.com\/wp-content\/uploads\/2015\/12\/duscheb-230x403.jpg 230w, https:\/\/meyers-huette.com\/wp-content\/uploads\/2015\/12\/duscheb-350x613.jpg 350w, https:\/\/meyers-huette.com\/wp-content\/uploads\/2015\/12\/duscheb.jpg 815w\" sizes=\"auto, (max-width: 442px) 100vw, 442px\" \/><\/a> <a href=\"http:\/\/meyers-huette.com\/wp-content\/uploads\/2015\/12\/waschbeckenb.jpg\" rel=\"lightbox[59]\"><img loading=\"lazy\" decoding=\"async\" class=\"aligncenter wp-image-524\" src=\"http:\/\/meyers-huette.com\/wp-content\/uploads\/2015\/12\/waschbeckenb-1024x585.jpg\" alt=\"waschbeckenb\" width=\"856\" height=\"489\" srcset=\"https:\/\/meyers-huette.com\/wp-content\/uploads\/2015\/12\/waschbeckenb-1024x585.jpg 1024w, https:\/\/meyers-huette.com\/wp-content\/uploads\/2015\/12\/waschbeckenb-150x86.jpg 150w, https:\/\/meyers-huette.com\/wp-content\/uploads\/2015\/12\/waschbeckenb-300x171.jpg 300w, https:\/\/meyers-huette.com\/wp-content\/uploads\/2015\/12\/waschbeckenb-830x474.jpg 830w, https:\/\/meyers-huette.com\/wp-content\/uploads\/2015\/12\/waschbeckenb-230x131.jpg 230w, https:\/\/meyers-huette.com\/wp-content\/uploads\/2015\/12\/waschbeckenb-350x200.jpg 350w, https:\/\/meyers-huette.com\/wp-content\/uploads\/2015\/12\/waschbeckenb.jpg 1427w\" sizes=\"auto, (max-width: 856px) 100vw, 856px\" \/><\/a>Im Bad befindet sich eine Regendusche &amp; Brausedusche ebenerdig 1,20mx1,20m, unterfahrbares Waschbecken &amp; Wasserhahn mit Sensor und behindertengerechten Toilettenbecken mit St\u00fctzgriff. F\u00fcr die Verwendung in Haus und Garten ist ein mobiler Hausnotruf vorhanden.<\/h6>\n<h6 style=\"text-align: center;\">The bath is ground-leveled, 1,20m x 1,20m big and contains a rain shower as well as an usual shower, a wheelchair accessible wash basin, a sensor tap and a washbasin which is suitable for handicapped with a support arm. A mobile emergency call for the use in house and garden is given.<a href=\"http:\/\/meyers-huette.com\/wp-content\/uploads\/2015\/12\/meyers-huette_wcbar.jpg\" rel=\"lightbox[59]\"><img loading=\"lazy\" decoding=\"async\" class=\"aligncenter wp-image-626 size-large\" src=\"http:\/\/meyers-huette.com\/wp-content\/uploads\/2015\/12\/meyers-huette_wcbar-1024x682.jpg\" width=\"1024\" height=\"682\" srcset=\"https:\/\/meyers-huette.com\/wp-content\/uploads\/2015\/12\/meyers-huette_wcbar-1024x682.jpg 1024w, https:\/\/meyers-huette.com\/wp-content\/uploads\/2015\/12\/meyers-huette_wcbar-150x100.jpg 150w, https:\/\/meyers-huette.com\/wp-content\/uploads\/2015\/12\/meyers-huette_wcbar-300x200.jpg 300w, https:\/\/meyers-huette.com\/wp-content\/uploads\/2015\/12\/meyers-huette_wcbar-830x552.jpg 830w, https:\/\/meyers-huette.com\/wp-content\/uploads\/2015\/12\/meyers-huette_wcbar-230x153.jpg 230w, https:\/\/meyers-huette.com\/wp-content\/uploads\/2015\/12\/meyers-huette_wcbar-350x233.jpg 350w, https:\/\/meyers-huette.com\/wp-content\/uploads\/2015\/12\/meyers-huette_wcbar.jpg 1220w\" sizes=\"auto, (max-width: 1024px) 100vw, 1024px\" \/><\/a><\/h6>\n<h6 style=\"text-align: center;\"><span style=\"color: #800000;\">Das Grundst\u00fcck ist \u00fcber 1,20m breite Wege ohne Stufen begeh-und befahrbar.<\/span><\/h6>\n<h6 style=\"text-align: center;\">The property is practicable above 1,20m wide ways, without steps.<\/h6>\n<figure id=\"attachment_1168\" aria-describedby=\"caption-attachment-1168\" style=\"width: 1625px\" class=\"wp-caption aligncenter\"><a href=\"http:\/\/meyers-huette.com\/wp-content\/uploads\/2019\/06\/meyers_huette_garten.jpg\" rel=\"lightbox[59]\"><img loading=\"lazy\" decoding=\"async\" class=\"wp-image-1168 size-full\" src=\"http:\/\/meyers-huette.com\/wp-content\/uploads\/2019\/06\/meyers_huette_garten.jpg\" alt=\"\" width=\"1625\" height=\"925\" srcset=\"https:\/\/meyers-huette.com\/wp-content\/uploads\/2019\/06\/meyers_huette_garten.jpg 1625w, https:\/\/meyers-huette.com\/wp-content\/uploads\/2019\/06\/meyers_huette_garten-150x85.jpg 150w, https:\/\/meyers-huette.com\/wp-content\/uploads\/2019\/06\/meyers_huette_garten-300x171.jpg 300w, https:\/\/meyers-huette.com\/wp-content\/uploads\/2019\/06\/meyers_huette_garten-1024x583.jpg 1024w, https:\/\/meyers-huette.com\/wp-content\/uploads\/2019\/06\/meyers_huette_garten-830x472.jpg 830w, https:\/\/meyers-huette.com\/wp-content\/uploads\/2019\/06\/meyers_huette_garten-230x131.jpg 230w, https:\/\/meyers-huette.com\/wp-content\/uploads\/2019\/06\/meyers_huette_garten-350x199.jpg 350w\" sizes=\"auto, (max-width: 1625px) 100vw, 1625px\" \/><\/a><figcaption id=\"caption-attachment-1168\" class=\"wp-caption-text\">garten meyres-huette<\/figcaption><\/figure>\n<h6 style=\"text-align: center;\"><span style=\"color: #800000;\">Die Ferienwohnung wird zentral beheizt, auf Wunsch kann der Kaminofen genutzt werden.<\/span><\/h6>\n<h4 style=\"text-align: center;\">The holiday apartment is heated by a central heater, if requested the chimney stove can be used.<\/h4>\n","protected":false},"excerpt":{"rendered":"<p>Nach dem Parken auf dem Grundst\u00fcck gelangen sie \u00fcber einen Weg ohne Stufen in die Diele der Ferienwohnung. After parking on the property you will reach the apartment without any steps along the way. \u00a0Alle T\u00fcren besitzen eine Mindestbreite von 98 cm und keine Schwelle (ausgenommen, Terassent\u00fcr 3 cm). Die Beleuchtung von Diele, Bad sowie [&hellip;]<\/p>\n","protected":false},"author":1,"featured_media":0,"parent":0,"menu_order":0,"comment_status":"closed","ping_status":"closed","template":"page-templates\/page_fullwidth.php","meta":{"footnotes":""},"class_list":["post-59","page","type-page","status-publish","hentry"],"aioseo_notices":[],"_links":{"self":[{"href":"https:\/\/meyers-huette.com\/index.php?rest_route=\/wp\/v2\/pages\/59","targetHints":{"allow":["GET"]}}],"collection":[{"href":"https:\/\/meyers-huette.com\/index.php?rest_route=\/wp\/v2\/pages"}],"about":[{"href":"https:\/\/meyers-huette.com\/index.php?rest_route=\/wp\/v2\/types\/page"}],"author":[{"embeddable":true,"href":"https:\/\/meyers-huette.com\/index.php?rest_route=\/wp\/v2\/users\/1"}],"replies":[{"embeddable":true,"href":"https:\/\/meyers-huette.com\/index.php?rest_route=%2Fwp%2Fv2%2Fcomments&post=59"}],"version-history":[{"count":45,"href":"https:\/\/meyers-huette.com\/index.php?rest_route=\/wp\/v2\/pages\/59\/revisions"}],"predecessor-version":[{"id":1173,"href":"https:\/\/meyers-huette.com\/index.php?rest_route=\/wp\/v2\/pages\/59\/revisions\/1173"}],"wp:attachment":[{"href":"https:\/\/meyers-huette.com\/index.php?rest_route=%2Fwp%2Fv2%2Fmedia&parent=59"}],"curies":[{"name":"wp","href":"https:\/\/api.w.org\/{rel}","templated":true}]}}