{"id":78,"date":"2015-12-23T15:55:05","date_gmt":"2015-12-23T15:55:05","guid":{"rendered":"http:\/\/meyers-huette.com\/?page_id=78"},"modified":"2020-07-29T13:24:29","modified_gmt":"2020-07-29T13:24:29","slug":"garten","status":"publish","type":"page","link":"https:\/\/meyers-huette.com\/?page_id=78","title":{"rendered":"der Garten \/ The Garden"},"content":{"rendered":"<h6 style=\"text-align: center;\"><span style=\"color: #008000;\"><a href=\"http:\/\/meyers-huette.com\/wp-content\/uploads\/2015\/12\/meyers-huette_terasse.jpg\" target=\"_blank\"  rel=\"lightbox[78] noopener noreferrer\"><img loading=\"lazy\" decoding=\"async\" class=\"aligncenter wp-image-571 size-large\" src=\"http:\/\/meyers-huette.com\/wp-content\/uploads\/2015\/12\/meyers-huette_terasse-1024x466.jpg\" alt=\"\" width=\"1024\" height=\"466\" srcset=\"https:\/\/meyers-huette.com\/wp-content\/uploads\/2015\/12\/meyers-huette_terasse-1024x466.jpg 1024w, https:\/\/meyers-huette.com\/wp-content\/uploads\/2015\/12\/meyers-huette_terasse-150x68.jpg 150w, https:\/\/meyers-huette.com\/wp-content\/uploads\/2015\/12\/meyers-huette_terasse-300x136.jpg 300w, https:\/\/meyers-huette.com\/wp-content\/uploads\/2015\/12\/meyers-huette_terasse-830x378.jpg 830w, https:\/\/meyers-huette.com\/wp-content\/uploads\/2015\/12\/meyers-huette_terasse-230x105.jpg 230w, https:\/\/meyers-huette.com\/wp-content\/uploads\/2015\/12\/meyers-huette_terasse-350x159.jpg 350w, https:\/\/meyers-huette.com\/wp-content\/uploads\/2015\/12\/meyers-huette_terasse.jpg 1451w\" sizes=\"auto, (max-width: 1024px) 100vw, 1024px\" \/><\/a><\/span> <span style=\"color: #800000;\">Sie wollen gem\u00fctlich drau\u00dfen fr\u00fchst\u00fccken und daf\u00fcr nicht gleich zu einem Picknick aufbrechen? Keine Sorge, sie k\u00f6nnen mit Ihrer Familie oder Freunden gen\u00fcsslich auf der Terasse den Morgen und die frische Luft genie\u00dfen.<\/span><\/h6>\n<h6 style=\"text-align: center;\">&nbsp;You would like to have a comfortable outdoor breakfast but don`t want leave for a picnic? No problem, you can enjoy the morning sunshine and the fresh air on the terrace with your family or friends.<\/h6>\n<h4 style=\"text-align: center;\"><span style=\"color: #8c6200;\">&nbsp;<span style=\"color: #800000;\">Grillplatz \/<span style=\"color: #000000;\"> place to grill<\/span><br><\/span><\/span><\/h4>\n<h6 style=\"text-align: center;\"><span style=\"color: #800000;\">Was w\u00e4re ein Th\u00fcringer Garten ohne einen geeigneten Grillplatz f\u00fcr Bratwurst und Rostbr\u00e4tel. Auch Stockbrot oder eine Gulaschsuppe k\u00f6nnen sie gleich \u00fcber dem Feuer zubereiten .Holz, Kohle, Grill, Kessel und Zange stehen bereit.<\/span><\/h6>\n<h6 style=\"text-align: center;\">What would be a Thuringian garden without a good place to broil sausages and typical grill steak? Also stick bread or a goulash soup can be prepared immediately over the fire. Timber, coal, grill, kettle and tongs are ready for you.<\/h6>\n<h4 style=\"text-align: center;\"><span style=\"color: #800000;\">der <\/span><span style=\"color: #8c6200;\"><span style=\"color: #800000;\">Teich \/ t<span style=\"color: #000000;\">he&nbsp;pond<\/span><\/span><\/span><\/h4>\n<h6 style=\"text-align: center;\"><span style=\"color: #008000;\"><a href=\"http:\/\/meyers-huette.com\/wp-content\/uploads\/2015\/12\/meyers-huette_com_kuh.jpg\" target=\"_blank\"  rel=\"lightbox[78] noopener noreferrer\"><img loading=\"lazy\" decoding=\"async\" class=\"aligncenter wp-image-587 size-large\" src=\"http:\/\/meyers-huette.com\/wp-content\/uploads\/2015\/12\/meyers-huette_com_kuh-1024x684.jpg\" alt=\" meyers-huette_com_kuh\" width=\"1024\" height=\"684\" srcset=\"https:\/\/meyers-huette.com\/wp-content\/uploads\/2015\/12\/meyers-huette_com_kuh-1024x684.jpg 1024w, https:\/\/meyers-huette.com\/wp-content\/uploads\/2015\/12\/meyers-huette_com_kuh-150x100.jpg 150w, https:\/\/meyers-huette.com\/wp-content\/uploads\/2015\/12\/meyers-huette_com_kuh-300x200.jpg 300w, https:\/\/meyers-huette.com\/wp-content\/uploads\/2015\/12\/meyers-huette_com_kuh-830x554.jpg 830w, https:\/\/meyers-huette.com\/wp-content\/uploads\/2015\/12\/meyers-huette_com_kuh-230x154.jpg 230w, https:\/\/meyers-huette.com\/wp-content\/uploads\/2015\/12\/meyers-huette_com_kuh-350x234.jpg 350w, https:\/\/meyers-huette.com\/wp-content\/uploads\/2015\/12\/meyers-huette_com_kuh.jpg 1427w\" sizes=\"auto, (max-width: 1024px) 100vw, 1024px\" \/><\/a> <span style=\"color: #800000;\">An unserem Teich k\u00f6nnen sie den Fischen und Libellen zusehen, ein Sonnenbad nehmen und an der frischen Luft die Seele baumeln lassen.<\/span><span style=\"color: #800000;\"><br>Aber Vorsicht ! Gegen Abend suchen die Flederm\u00e4use sich ihre Beute.<\/span><\/span><\/h6>\n<h6 style=\"text-align: center;\"><span style=\"color: #000000;\">Sitting by our pond you could watch the fish, frogs and dragonflies, take a sun bath and a break in the fresh air.<\/span><br><span style=\"color: #000000;\"> But watch out! About evening the bats are looking for their prey!<\/span><\/h6>\n<h4 style=\"text-align: center;\"><span style=\"color: #800000;\">&nbsp;Spiel und Spa\u00df \/ <span style=\"color: #000000;\">games and fun<\/span><\/span> <a href=\"http:\/\/meyers-huette.com\/wp-content\/uploads\/2015\/12\/meyers-huette.com_spiel.jpg\" target=\"_blank\"  rel=\"lightbox[78] noopener noreferrer\"><img loading=\"lazy\" decoding=\"async\" class=\"aligncenter wp-image-621 size-large\" src=\"http:\/\/meyers-huette.com\/wp-content\/uploads\/2015\/12\/meyers-huette.com_spiel-1024x546.jpg\" alt=\"meyers-huette.com_spiel\" width=\"1024\" height=\"546\" srcset=\"https:\/\/meyers-huette.com\/wp-content\/uploads\/2015\/12\/meyers-huette.com_spiel-1024x546.jpg 1024w, https:\/\/meyers-huette.com\/wp-content\/uploads\/2015\/12\/meyers-huette.com_spiel-150x80.jpg 150w, https:\/\/meyers-huette.com\/wp-content\/uploads\/2015\/12\/meyers-huette.com_spiel-300x160.jpg 300w, https:\/\/meyers-huette.com\/wp-content\/uploads\/2015\/12\/meyers-huette.com_spiel-830x443.jpg 830w, https:\/\/meyers-huette.com\/wp-content\/uploads\/2015\/12\/meyers-huette.com_spiel-230x123.jpg 230w, https:\/\/meyers-huette.com\/wp-content\/uploads\/2015\/12\/meyers-huette.com_spiel-350x187.jpg 350w, https:\/\/meyers-huette.com\/wp-content\/uploads\/2015\/12\/meyers-huette.com_spiel.jpg 1427w\" sizes=\"auto, (max-width: 1024px) 100vw, 1024px\" \/><\/a><\/h4>\n<h6 style=\"text-align: center;\"><span style=\"color: #800000;\">Die Rasenfl\u00e4che l\u00e4dt zu Aktivit\u00e4ten wie Federball oder Frisbee ein, Kinder k\u00f6nnen darauf ausgelassen herumtollen oder einen Schneemann bauen, eine kleine Rutschparty mit Schlitten innerhalb des Gartens ist auch m\u00f6glich.<\/span><\/h6>\n<h6 style=\"text-align: center;\"><span style=\"color: #000000;\">The lawn invites to activities like shuttlecock or Frisbee. Children can romp around on it or will love it to build a snowman in the winter, a small slide party with sledges within the garden is also possible.<\/span><\/h6>\n<p><span style=\"color: #008000;\"><a href=\"http:\/\/meyers-huette.com\/wp-content\/uploads\/2015\/12\/meyers-huette-feuer.jpg\" target=\"_blank\"  rel=\"lightbox[78] noopener noreferrer\"><img loading=\"lazy\" decoding=\"async\" class=\"aligncenter wp-image-637 size-large\" src=\"http:\/\/meyers-huette.com\/wp-content\/uploads\/2015\/12\/meyers-huette-feuer-1024x697.jpg\" alt=\"meyers-huette_feuerstelle\" width=\"1024\" height=\"697\" srcset=\"https:\/\/meyers-huette.com\/wp-content\/uploads\/2015\/12\/meyers-huette-feuer-1024x697.jpg 1024w, https:\/\/meyers-huette.com\/wp-content\/uploads\/2015\/12\/meyers-huette-feuer-150x102.jpg 150w, https:\/\/meyers-huette.com\/wp-content\/uploads\/2015\/12\/meyers-huette-feuer-300x204.jpg 300w, https:\/\/meyers-huette.com\/wp-content\/uploads\/2015\/12\/meyers-huette-feuer-830x565.jpg 830w, https:\/\/meyers-huette.com\/wp-content\/uploads\/2015\/12\/meyers-huette-feuer-230x157.jpg 230w, https:\/\/meyers-huette.com\/wp-content\/uploads\/2015\/12\/meyers-huette-feuer-350x238.jpg 350w, https:\/\/meyers-huette.com\/wp-content\/uploads\/2015\/12\/meyers-huette-feuer.jpg 1427w\" sizes=\"auto, (max-width: 1024px) 100vw, 1024px\" \/><\/a><\/span><\/p>\n<h6 style=\"text-align: center;\"><span style=\"color: #800000;\">In Sichtweite, durch die Gartenpforte erreichbar, befindet sich ein wundersch\u00f6ner Kinderspielplatz mit Schaukeln, Kletterger\u00fcst, Rutsche, Wippe, und einer Tischtennisplatte.<\/span><\/h6>\n<h6 style=\"text-align: center;\">Within sight of the terrace, by the garden gate accessible, is a wonderful children\u2019s playground with swings, climbing scaffolding, children\u2019s slide, seesaw and a table tennis table.<\/h6>\n<p style=\"text-align: center;\"><a href=\"http:\/\/meyers-huette.com\/wp-content\/uploads\/2018\/09\/meyers-huette_abendterrasse.jpg\" target=\"_blank\"  rel=\"lightbox[78] 26.-29.08.2018 noopener noreferrer\"><img loading=\"lazy\" decoding=\"async\" class=\"aligncenter wp-image-915 size-large\" src=\"http:\/\/meyers-huette.com\/wp-content\/uploads\/2018\/01\/meyers-huette_garten_winter-1024x774-1-1024x587.jpg\" alt=\"Terrasse Winter\" width=\"1024\" height=\"587\" srcset=\"https:\/\/meyers-huette.com\/wp-content\/uploads\/2018\/01\/meyers-huette_garten_winter-1024x774-1-1024x587.jpg 1024w, https:\/\/meyers-huette.com\/wp-content\/uploads\/2018\/01\/meyers-huette_garten_winter-1024x774-1-150x86.jpg 150w, https:\/\/meyers-huette.com\/wp-content\/uploads\/2018\/01\/meyers-huette_garten_winter-1024x774-1-300x172.jpg 300w, https:\/\/meyers-huette.com\/wp-content\/uploads\/2018\/01\/meyers-huette_garten_winter-1024x774-1-830x476.jpg 830w, https:\/\/meyers-huette.com\/wp-content\/uploads\/2018\/01\/meyers-huette_garten_winter-1024x774-1-230x132.jpg 230w, https:\/\/meyers-huette.com\/wp-content\/uploads\/2018\/01\/meyers-huette_garten_winter-1024x774-1-350x201.jpg 350w, https:\/\/meyers-huette.com\/wp-content\/uploads\/2018\/01\/meyers-huette_garten_winter-1024x774-1.jpg 1027w\" sizes=\"auto, (max-width: 1024px) 100vw, 1024px\" \/><img loading=\"lazy\" decoding=\"async\" class=\"aligncenter wp-image-1102 size-large\" src=\"http:\/\/meyers-huette.com\/wp-content\/uploads\/2018\/09\/meyers-huette_abendterrasse-1024x586.jpg\" alt=\"Terrasse Abendsonne\" width=\"1024\" height=\"586\" srcset=\"https:\/\/meyers-huette.com\/wp-content\/uploads\/2018\/09\/meyers-huette_abendterrasse-1024x586.jpg 1024w, https:\/\/meyers-huette.com\/wp-content\/uploads\/2018\/09\/meyers-huette_abendterrasse-150x86.jpg 150w, https:\/\/meyers-huette.com\/wp-content\/uploads\/2018\/09\/meyers-huette_abendterrasse-300x172.jpg 300w, https:\/\/meyers-huette.com\/wp-content\/uploads\/2018\/09\/meyers-huette_abendterrasse-830x475.jpg 830w, https:\/\/meyers-huette.com\/wp-content\/uploads\/2018\/09\/meyers-huette_abendterrasse-230x132.jpg 230w, https:\/\/meyers-huette.com\/wp-content\/uploads\/2018\/09\/meyers-huette_abendterrasse-350x200.jpg 350w, https:\/\/meyers-huette.com\/wp-content\/uploads\/2018\/09\/meyers-huette_abendterrasse.jpg 1308w\" sizes=\"auto, (max-width: 1024px) 100vw, 1024px\" \/><\/a><\/p>\n<p><\/p>\n\n\n<div class=\"wp-block-image\"><figure class=\"aligncenter size-large\"><a href=\"https:\/\/meyers-huette.com\/wp-content\/uploads\/2020\/07\/meyers-huette_teich-1.jpg\" rel=\"lightbox[78]\"><img loading=\"lazy\" decoding=\"async\" width=\"1024\" height=\"585\" src=\"http:\/\/meyers-huette.com\/wp-content\/uploads\/2020\/07\/meyers-huette_teich-1-1024x585.jpg\" alt=\"\" class=\"wp-image-1213\" srcset=\"https:\/\/meyers-huette.com\/wp-content\/uploads\/2020\/07\/meyers-huette_teich-1-1024x585.jpg 1024w, https:\/\/meyers-huette.com\/wp-content\/uploads\/2020\/07\/meyers-huette_teich-1-300x171.jpg 300w, https:\/\/meyers-huette.com\/wp-content\/uploads\/2020\/07\/meyers-huette_teich-1-150x86.jpg 150w, https:\/\/meyers-huette.com\/wp-content\/uploads\/2020\/07\/meyers-huette_teich-1-830x474.jpg 830w, https:\/\/meyers-huette.com\/wp-content\/uploads\/2020\/07\/meyers-huette_teich-1-230x131.jpg 230w, https:\/\/meyers-huette.com\/wp-content\/uploads\/2020\/07\/meyers-huette_teich-1-350x200.jpg 350w, https:\/\/meyers-huette.com\/wp-content\/uploads\/2020\/07\/meyers-huette_teich-1.jpg 1301w\" sizes=\"auto, (max-width: 1024px) 100vw, 1024px\" \/><\/a><\/figure><\/div>\n\n\n\n<p><\/p>\n","protected":false},"excerpt":{"rendered":"<p>Sie wollen gem\u00fctlich drau\u00dfen fr\u00fchst\u00fccken und daf\u00fcr nicht gleich zu einem Picknick aufbrechen? Keine Sorge, sie k\u00f6nnen mit Ihrer Familie oder Freunden gen\u00fcsslich auf der Terasse den Morgen und die frische Luft genie\u00dfen. &nbsp;You would like to have a comfortable outdoor breakfast but don`t want leave for a picnic? No problem, you can enjoy the [&hellip;]<\/p>\n","protected":false},"author":1,"featured_media":0,"parent":0,"menu_order":0,"comment_status":"closed","ping_status":"closed","template":"page-templates\/page_fullwidth.php","meta":{"footnotes":""},"class_list":["post-78","page","type-page","status-publish","hentry"],"aioseo_notices":[],"_links":{"self":[{"href":"https:\/\/meyers-huette.com\/index.php?rest_route=\/wp\/v2\/pages\/78","targetHints":{"allow":["GET"]}}],"collection":[{"href":"https:\/\/meyers-huette.com\/index.php?rest_route=\/wp\/v2\/pages"}],"about":[{"href":"https:\/\/meyers-huette.com\/index.php?rest_route=\/wp\/v2\/types\/page"}],"author":[{"embeddable":true,"href":"https:\/\/meyers-huette.com\/index.php?rest_route=\/wp\/v2\/users\/1"}],"replies":[{"embeddable":true,"href":"https:\/\/meyers-huette.com\/index.php?rest_route=%2Fwp%2Fv2%2Fcomments&post=78"}],"version-history":[{"count":54,"href":"https:\/\/meyers-huette.com\/index.php?rest_route=\/wp\/v2\/pages\/78\/revisions"}],"predecessor-version":[{"id":1219,"href":"https:\/\/meyers-huette.com\/index.php?rest_route=\/wp\/v2\/pages\/78\/revisions\/1219"}],"wp:attachment":[{"href":"https:\/\/meyers-huette.com\/index.php?rest_route=%2Fwp%2Fv2%2Fmedia&parent=78"}],"curies":[{"name":"wp","href":"https:\/\/api.w.org\/{rel}","templated":true}]}}