{"id":80,"date":"2015-12-23T15:57:17","date_gmt":"2015-12-23T15:57:17","guid":{"rendered":"http:\/\/meyers-huette.com\/?page_id=80"},"modified":"2022-01-03T11:01:27","modified_gmt":"2022-01-03T11:01:27","slug":"kontakt","status":"publish","type":"page","link":"https:\/\/meyers-huette.com\/?page_id=80","title":{"rendered":"contact \/ imprint"},"content":{"rendered":"<p><span style=\"color: #800000;\"><img loading=\"lazy\" decoding=\"async\" class=\"size-full wp-image-302 aligncenter\" src=\"http:\/\/meyers-huette.com\/wp-content\/uploads\/2016\/04\/meyer-huette_com_impress.jpg\" alt=\"meyer-huette_com_impress\" width=\"1019\" height=\"570\" srcset=\"https:\/\/meyers-huette.com\/wp-content\/uploads\/2016\/04\/meyer-huette_com_impress.jpg 1019w, https:\/\/meyers-huette.com\/wp-content\/uploads\/2016\/04\/meyer-huette_com_impress-300x168.jpg 300w, https:\/\/meyers-huette.com\/wp-content\/uploads\/2016\/04\/meyer-huette_com_impress-830x464.jpg 830w, https:\/\/meyers-huette.com\/wp-content\/uploads\/2016\/04\/meyer-huette_com_impress-230x129.jpg 230w, https:\/\/meyers-huette.com\/wp-content\/uploads\/2016\/04\/meyer-huette_com_impress-350x196.jpg 350w\" sizes=\"auto, (max-width: 1019px) 100vw, 1019px\" \/><\/span><\/p>\n<h6 style=\"text-align: center;\"><span style=\"color: #800000;\">Nehmen Sie Kontakt mit uns auf. Auf spezielle Einzelheiten geben wir gerne n\u00e4here Ausk\u00fcnfte, bei individuellen Anliegen finden wir eine gemeinsame L\u00f6sung.<\/span><\/h6>\n<h3 style=\"text-align: center;\">Kontaktformular<\/h3>\n<h5 style=\"text-align: center;\"><strong><a href=\"https:\/\/meyers-huette.com\/?page_id=966\" target=\"_blank\" rel=\"noopener noreferrer\">(Link zur Datenschutzerkl\u00e4rung)<\/a><\/strong><\/h5>\n<h4>\n<div class=\"wpcf7 no-js\" id=\"wpcf7-f830-o1\" lang=\"de-DE\" dir=\"ltr\" data-wpcf7-id=\"830\">\n<div class=\"screen-reader-response\"><p role=\"status\" aria-live=\"polite\" aria-atomic=\"true\"><\/p> <ul><\/ul><\/div>\n<form action=\"\/index.php?rest_route=%2Fwp%2Fv2%2Fpages%2F80#wpcf7-f830-o1\" method=\"post\" class=\"wpcf7-form init\" aria-label=\"Kontaktformular\" novalidate=\"novalidate\" data-status=\"init\">\n<fieldset class=\"hidden-fields-container\"><input type=\"hidden\" name=\"_wpcf7\" value=\"830\" \/><input type=\"hidden\" name=\"_wpcf7_version\" value=\"6.1\" \/><input type=\"hidden\" name=\"_wpcf7_locale\" value=\"de_DE\" \/><input type=\"hidden\" name=\"_wpcf7_unit_tag\" value=\"wpcf7-f830-o1\" \/><input type=\"hidden\" name=\"_wpcf7_container_post\" value=\"0\" \/><input type=\"hidden\" name=\"_wpcf7_posted_data_hash\" value=\"\" \/>\n<\/fieldset>\n<p><span class=\"wpcf7-form-control-wrap\" data-name=\"checkbox-53\"><span class=\"wpcf7-form-control wpcf7-checkbox wpcf7-validates-as-required\"><span class=\"wpcf7-list-item first last\"><input type=\"checkbox\" name=\"checkbox-53[]\" value=\"(Pflichtfeld) Ich habe die Datenschutzerkl\u00e4rung gelesen und stimme dieser zu.\" \/><span class=\"wpcf7-list-item-label\">(Pflichtfeld) Ich habe die Datenschutzerkl\u00e4rung gelesen und stimme dieser zu.<\/span><\/span><\/span><\/span>\n<\/p>\n<p><span class=\"wpcf7-form-control-wrap\" data-name=\"checkbox-148\"><span class=\"wpcf7-form-control wpcf7-checkbox wpcf7-validates-as-required\"><span class=\"wpcf7-list-item first last\"><input type=\"checkbox\" name=\"checkbox-148[]\" value=\"(Pflichtfeld) Ich bin damit einverstanden, dass meine Daten elektronisch erfasst, gespeichert und ich Informationen per E-Mail erhalten werde, eine Weitergabe der Daten an Dritte erfolgt nicht.\" \/><span class=\"wpcf7-list-item-label\">(Pflichtfeld) Ich bin damit einverstanden, dass meine Daten elektronisch erfasst, gespeichert und ich Informationen per E-Mail erhalten werde, eine Weitergabe der Daten an Dritte erfolgt nicht.<\/span><\/span><\/span><\/span>\n<\/p>\n<p><label> Ihr Name (Pflichtfeld)<br \/>\n<span class=\"wpcf7-form-control-wrap\" data-name=\"your-name\"><input size=\"40\" maxlength=\"400\" class=\"wpcf7-form-control wpcf7-text wpcf7-validates-as-required\" aria-required=\"true\" aria-invalid=\"false\" value=\"\" type=\"text\" name=\"your-name\" \/><\/span> <\/label>\n<\/p>\n<p><label> Ihre E-Mail-Adresse (Pflichtfeld)<br \/>\n<span class=\"wpcf7-form-control-wrap\" data-name=\"your-email\"><input size=\"40\" maxlength=\"400\" class=\"wpcf7-form-control wpcf7-email wpcf7-validates-as-required wpcf7-text wpcf7-validates-as-email\" aria-required=\"true\" aria-invalid=\"false\" value=\"\" type=\"email\" name=\"your-email\" \/><\/span> <\/label>\n<\/p>\n<p><label> Betreff<br \/>\n<span class=\"wpcf7-form-control-wrap\" data-name=\"your-subject\"><input size=\"40\" maxlength=\"400\" class=\"wpcf7-form-control wpcf7-text\" aria-invalid=\"false\" value=\"\" type=\"text\" name=\"your-subject\" \/><\/span> <\/label>\n<\/p>\n<p><label> Ihre Nachricht<br \/>\n<span class=\"wpcf7-form-control-wrap\" data-name=\"your-message\"><textarea cols=\"40\" rows=\"10\" maxlength=\"2000\" class=\"wpcf7-form-control wpcf7-textarea\" aria-invalid=\"false\" name=\"your-message\"><\/textarea><\/span> <\/label>\n<\/p>\n<p><input class=\"wpcf7-form-control wpcf7-submit has-spinner\" type=\"submit\" value=\"Senden\" \/>\n<\/p><p style=\"display: none !important;\" class=\"akismet-fields-container\" data-prefix=\"_wpcf7_ak_\"><label>&#916;<textarea name=\"_wpcf7_ak_hp_textarea\" cols=\"45\" rows=\"8\" maxlength=\"100\"><\/textarea><\/label><input type=\"hidden\" id=\"ak_js_1\" name=\"_wpcf7_ak_js\" value=\"221\"\/><script>document.getElementById( \"ak_js_1\" ).setAttribute( \"value\", ( new Date() ).getTime() );<\/script><\/p><div class=\"wpcf7-response-output\" aria-hidden=\"true\"><\/div>\n<\/form>\n<\/div>\n<\/h4>\n<h6><span style=\"color: #800000;\">Pers\u00f6nlich am Telefon<\/span><\/h6>\n<h6><span style=\"color: #800000;\">Festnetz&nbsp; &nbsp; &nbsp; &nbsp; &nbsp; &nbsp; &nbsp; &nbsp; &nbsp; &nbsp; &nbsp; &nbsp; &nbsp; &nbsp; &nbsp; &nbsp; &nbsp; +49 361 3809298<\/span><\/h6>\n<h6><span style=\"color: #800000;\">Mobil I &nbsp;&nbsp;&nbsp;&nbsp;&nbsp;&nbsp;&nbsp;&nbsp;&nbsp;&nbsp;&nbsp;&nbsp;&nbsp;&nbsp;&nbsp;&nbsp;&nbsp;&nbsp;&nbsp;&nbsp;&nbsp;&nbsp;&nbsp;&nbsp;&nbsp;&nbsp;&nbsp;&nbsp;&nbsp;&nbsp;&nbsp;&nbsp;&nbsp;&nbsp;&nbsp; +49 176 78921208<\/span><\/h6>\n<h6><span style=\"color: #800000;\">Mobil II&nbsp;&nbsp; &nbsp; &nbsp; &nbsp; &nbsp; &nbsp; &nbsp; &nbsp; &nbsp; &nbsp; &nbsp; &nbsp; &nbsp; &nbsp; &nbsp; &nbsp; &nbsp;&nbsp; +49 176 31654703<\/span><\/h6>\n<h6><\/h6>\n<h6><span style=\"color: #800000;\">&nbsp;<\/span><\/h6>\n<h6><span style=\"color: #800000;\"><span style=\"color: #ff0000;\">Wohnanschrift&nbsp; : &nbsp;&nbsp;&nbsp;&nbsp;<\/span>&nbsp;&nbsp;&nbsp;&nbsp;&nbsp;&nbsp;&nbsp;&nbsp;&nbsp;&nbsp;&nbsp;&nbsp; Familie Madalina und Lutz-Falk Meyer<\/span><\/h6>\n<h6><span style=\"color: #800000;\">&nbsp;&nbsp;&nbsp;&nbsp;&nbsp;&nbsp;&nbsp;&nbsp;&nbsp;&nbsp;&nbsp;&nbsp;&nbsp;&nbsp;&nbsp;&nbsp;&nbsp;&nbsp;&nbsp;&nbsp;&nbsp;&nbsp;&nbsp;&nbsp;&nbsp;&nbsp;&nbsp;&nbsp;&nbsp;&nbsp;&nbsp;&nbsp;&nbsp;&nbsp;&nbsp;&nbsp;&nbsp;&nbsp;&nbsp;&nbsp;&nbsp;&nbsp;&nbsp;&nbsp;&nbsp;&nbsp;&nbsp;&nbsp;&nbsp;&nbsp;&nbsp; 99099 Erfurt<\/span><\/h6>\n<h6><span style=\"color: #800000;\">&nbsp;&nbsp;&nbsp;&nbsp;&nbsp;&nbsp;&nbsp;&nbsp;&nbsp;&nbsp;&nbsp;&nbsp;&nbsp;&nbsp;&nbsp;&nbsp;&nbsp;&nbsp;&nbsp;&nbsp;&nbsp;&nbsp;&nbsp;&nbsp;&nbsp;&nbsp;&nbsp;&nbsp;&nbsp;&nbsp;&nbsp;&nbsp;&nbsp;&nbsp;&nbsp;&nbsp;&nbsp;&nbsp;&nbsp;&nbsp;&nbsp;&nbsp;&nbsp;&nbsp;&nbsp;&nbsp;&nbsp;&nbsp;&nbsp;&nbsp;&nbsp; H\u00e4\u00dflerstra\u00dfe 80<\/span><\/h6>\n<h6><span style=\"color: #800000;\">Internet &nbsp; &nbsp; &nbsp; &nbsp; &nbsp; &nbsp; &nbsp; &nbsp; &nbsp; &nbsp; &nbsp; &nbsp; &nbsp; &nbsp; &nbsp; &nbsp;&nbsp; &nbsp; www.meyers-huette.com<\/span><\/h6>\n<h6><span style=\"color: #800000;\">E-Mail Adresse &nbsp; &nbsp; &nbsp; &nbsp; &nbsp; &nbsp; &nbsp;&nbsp; &nbsp; &nbsp; &nbsp; post(at)meyers-huette.com<\/span><\/h6>\n<h6 style=\"text-align: center;\"><\/h6>\n<h6 style=\"text-align: center;\"><span style=\"color: #800000;\">Auch f\u00fcr Kritik und Anregungen, W\u00fcnsche und \u00c4nderungsvorschl\u00e4ge haben wir stets ein offenes Ohr.<\/span><\/h6>\n<h5 style=\"text-align: left;\"><span style=\"color: #800000;\">&nbsp;<\/span><\/h5>\n<h5 style=\"text-align: left;\"><span style=\"color: #800000;\">&nbsp;<\/span><\/h5>\n<h5 style=\"text-align: left;\"><span style=\"color: #800000;\">Impressum:<\/span><\/h5>\n<h6><span style=\"color: #800000;\">Betreiber der Webseite : &nbsp; &nbsp; &nbsp; &nbsp; &nbsp; &nbsp; &nbsp; &nbsp; &nbsp; &nbsp; &nbsp; &nbsp; &nbsp; &nbsp; &nbsp; &nbsp; &nbsp; &nbsp;&nbsp;&nbsp; &nbsp;&nbsp; Madalina und Lutz-Falk Meyer,<\/span><\/h6>\n<h6><span style=\"color: #800000;\">Anschrift:&nbsp;&nbsp;&nbsp;&nbsp;&nbsp;&nbsp;&nbsp;&nbsp;&nbsp;&nbsp;&nbsp;&nbsp;&nbsp;&nbsp;&nbsp;&nbsp; &nbsp; &nbsp; &nbsp; &nbsp; &nbsp; &nbsp; &nbsp; &nbsp; &nbsp; &nbsp; &nbsp; &nbsp; &nbsp; &nbsp; &nbsp; &nbsp; &nbsp; &nbsp; &nbsp; &nbsp; &nbsp; &nbsp; &nbsp;&nbsp;&nbsp;&nbsp;&nbsp;&nbsp;&nbsp;&nbsp;&nbsp; H\u00e4\u00dflerstra\u00dfe 80, 99099 Erfurt, e-mail: post(at)meyers-huette.com,<\/span><\/h6>\n<h6><span style=\"color: #800000;\">Redaktion: &nbsp; &nbsp; &nbsp; &nbsp; &nbsp; &nbsp; &nbsp; &nbsp; &nbsp; &nbsp; &nbsp; &nbsp; &nbsp; &nbsp; &nbsp; &nbsp; &nbsp; &nbsp; &nbsp; &nbsp; &nbsp; &nbsp; &nbsp; &nbsp; &nbsp; &nbsp; &nbsp; &nbsp; &nbsp; &nbsp; &nbsp; &nbsp; &nbsp; &nbsp; Nathalie Meyer, Lutz-Falk Meyer<\/span><\/h6>\n<h6><span style=\"color: #800000;\">Quellen f\u00fcr Produkt, Bilder- und Grafikmaterial: WordPress, Lutz-Falk Meyer, Nathalie Meyer, Beate Ammon<\/span><\/h6>\n<p>http:\/\/www.meyers-huette.com\/wp-admin<\/p>\n","protected":false},"excerpt":{"rendered":"<p>Nehmen Sie Kontakt mit uns auf. Auf spezielle Einzelheiten geben wir gerne n\u00e4here Ausk\u00fcnfte, bei individuellen Anliegen finden wir eine gemeinsame L\u00f6sung. Kontaktformular (Link zur Datenschutzerkl\u00e4rung) Pers\u00f6nlich am Telefon Festnetz&nbsp; &nbsp; &nbsp; &nbsp; &nbsp; &nbsp; &nbsp; &nbsp; &nbsp; &nbsp; &nbsp; &nbsp; &nbsp; &nbsp; &nbsp; &nbsp; &nbsp; +49 361 3809298 Mobil I &nbsp;&nbsp;&nbsp;&nbsp;&nbsp;&nbsp;&nbsp;&nbsp;&nbsp;&nbsp;&nbsp;&nbsp;&nbsp;&nbsp;&nbsp;&nbsp;&nbsp;&nbsp;&nbsp;&nbsp;&nbsp;&nbsp;&nbsp;&nbsp;&nbsp;&nbsp;&nbsp;&nbsp;&nbsp;&nbsp;&nbsp;&nbsp;&nbsp;&nbsp;&nbsp; +49 176 78921208 [&hellip;]<\/p>\n","protected":false},"author":1,"featured_media":0,"parent":0,"menu_order":0,"comment_status":"closed","ping_status":"closed","template":"page-templates\/page_fullwidth.php","meta":{"footnotes":""},"class_list":["post-80","page","type-page","status-publish","hentry"],"aioseo_notices":[],"_links":{"self":[{"href":"https:\/\/meyers-huette.com\/index.php?rest_route=\/wp\/v2\/pages\/80","targetHints":{"allow":["GET"]}}],"collection":[{"href":"https:\/\/meyers-huette.com\/index.php?rest_route=\/wp\/v2\/pages"}],"about":[{"href":"https:\/\/meyers-huette.com\/index.php?rest_route=\/wp\/v2\/types\/page"}],"author":[{"embeddable":true,"href":"https:\/\/meyers-huette.com\/index.php?rest_route=\/wp\/v2\/users\/1"}],"replies":[{"embeddable":true,"href":"https:\/\/meyers-huette.com\/index.php?rest_route=%2Fwp%2Fv2%2Fcomments&post=80"}],"version-history":[{"count":54,"href":"https:\/\/meyers-huette.com\/index.php?rest_route=\/wp\/v2\/pages\/80\/revisions"}],"predecessor-version":[{"id":1321,"href":"https:\/\/meyers-huette.com\/index.php?rest_route=\/wp\/v2\/pages\/80\/revisions\/1321"}],"wp:attachment":[{"href":"https:\/\/meyers-huette.com\/index.php?rest_route=%2Fwp%2Fv2%2Fmedia&parent=80"}],"curies":[{"name":"wp","href":"https:\/\/api.w.org\/{rel}","templated":true}]}}